{"id":4920,"date":"2020-10-13T12:02:29","date_gmt":"2020-10-13T10:02:29","guid":{"rendered":"http:\/\/ebf.ee\/?page_id=4920"},"modified":"2021-08-06T13:10:24","modified_gmt":"2021-08-06T11:10:24","slug":"uritused","status":"publish","type":"page","link":"https:\/\/ebf.ee\/et\/uritused\/","title":{"rendered":"\u00dcritused"},"content":{"rendered":"<p style=\"text-align: center;\"><strong>Kallis k\u00fclaline, kutsume sind t\u00e4histama oma s\u00fcnnip\u00e4eva, firmapidu v\u00f5i m\u00f5nd muud t\u00e4hts\u00fcndmust meie hubases restoranis.<\/strong><\/p>\n<p style=\"text-align: center;\"><strong>Meie restorani II korrust saab broneerida privaatselt kuni 40 inimesele. V\u00f5imalus kasutada oma muusikat, projektorit ja miks mitte kutsuda m\u00f5ni live esineja.\u00a0<\/strong><\/p>\n<p style=\"text-align: center;\"><strong> Valmistame roogasid nii tavamen\u00fc\u00fcst kui ka just Sinu soovidele kokku pandud t\u00e4navatoidu buffeed. Toiduvalikus pakume miniburgereid, tapaseid, tacosid, wrappe ja muud p\u00f5nevat, mis on valmistatud armastusega s\u00f6egrillil Big Green Egg.\u00a0\u00a0<\/strong><\/p>\n<p style=\"text-align: center;\"><strong>V\u00f5ta \u00fchendust ja teeme Sulle pakkumise.<\/strong><\/p>\n\n\t\t\t<div class=\"content--gallery-slideshow\">\n\t\t\t\t<div class=\"pixslider  pixslider--gallery-slideshow  js-pixslider\"\n\t\t\t\t     data-arrows\n\t\t\t\t     data-imagescale=\"none\"\n\t\t\t\t     data-slidertransition=\"fade\"\n\t\t\t\t     data-autoheight\n\t\t\t\t     ><div class=\"gallery-item\" itemscope\n\t\t\t\t\t\t     itemtype=\"http:\/\/schema.org\/ImageObject\"\n\t\t\t\t\t\t     data-caption=\"\"\n\t\t\t\t\t\t     data-description=\"\">\n\t\t\t\t\t\t\t<img decoding=\"async\" src=\"https:\/\/ebf.ee\/wp-content\/uploads\/2020\/10\/img_4902.jpg\" class=\"attachment-blog-big rsImg\"\n\t\t\t\t\t\t\t     alt=\"\"\n\t\t\t\t\t\t\t     itemprop=\"contentURL\"  \/>\n\t\t\t\t\t\t<\/div><div class=\"gallery-item\" itemscope\n\t\t\t\t\t\t     itemtype=\"http:\/\/schema.org\/ImageObject\"\n\t\t\t\t\t\t     data-caption=\"\"\n\t\t\t\t\t\t     data-description=\"\">\n\t\t\t\t\t\t\t<img decoding=\"async\" src=\"https:\/\/ebf.ee\/wp-content\/uploads\/2020\/10\/img_8974-2048x2048.jpg\" class=\"attachment-blog-big rsImg\"\n\t\t\t\t\t\t\t     alt=\"\"\n\t\t\t\t\t\t\t     itemprop=\"contentURL\"  \/>\n\t\t\t\t\t\t<\/div><div class=\"gallery-item\" itemscope\n\t\t\t\t\t\t     itemtype=\"http:\/\/schema.org\/ImageObject\"\n\t\t\t\t\t\t     data-caption=\"\"\n\t\t\t\t\t\t     data-description=\"\">\n\t\t\t\t\t\t\t<img decoding=\"async\" src=\"https:\/\/ebf.ee\/wp-content\/uploads\/2020\/10\/img_9510-2048x1536.jpg\" class=\"attachment-blog-big rsImg\"\n\t\t\t\t\t\t\t     alt=\"\"\n\t\t\t\t\t\t\t     itemprop=\"contentURL\"  \/>\n\t\t\t\t\t\t<\/div><div class=\"gallery-item\" itemscope\n\t\t\t\t\t\t     itemtype=\"http:\/\/schema.org\/ImageObject\"\n\t\t\t\t\t\t     data-caption=\"\"\n\t\t\t\t\t\t     data-description=\"\">\n\t\t\t\t\t\t\t<img decoding=\"async\" src=\"https:\/\/ebf.ee\/wp-content\/uploads\/2020\/10\/img_0447-2048x2559.jpg\" class=\"attachment-blog-big rsImg\"\n\t\t\t\t\t\t\t     alt=\"\"\n\t\t\t\t\t\t\t     itemprop=\"contentURL\"  \/>\n\t\t\t\t\t\t<\/div><\/div>\n\t\t<\/div><!-- .content .content--gallery-slideshow -->\n<p style=\"text-align: center;\">","protected":false},"excerpt":{"rendered":"<p>Kallis k\u00fclaline, kutsume sind t\u00e4histama oma s\u00fcnnip\u00e4eva, firmapidu v\u00f5i m\u00f5nd muud t\u00e4hts\u00fcndmust meie hubases restoranis. Meie restorani II korrust saab broneerida privaatselt kuni 40 inimesele. V\u00f5imalus kasutada oma muusikat, projektorit ja miks mitte kutsuda m\u00f5ni live esineja.\u00a0 Valmistame roogasid nii tavamen\u00fc\u00fcst kui ka just Sinu soovidele kokku pandud t\u00e4navatoidu buffeed. Toiduvalikus pakume miniburgereid, tapaseid, tacosid,..<\/p>\n","protected":false},"author":2,"featured_media":4917,"parent":0,"menu_order":0,"comment_status":"closed","ping_status":"closed","template":"","meta":{"footnotes":""},"_links":{"self":[{"href":"https:\/\/ebf.ee\/et\/wp-json\/wp\/v2\/pages\/4920"}],"collection":[{"href":"https:\/\/ebf.ee\/et\/wp-json\/wp\/v2\/pages"}],"about":[{"href":"https:\/\/ebf.ee\/et\/wp-json\/wp\/v2\/types\/page"}],"author":[{"embeddable":true,"href":"https:\/\/ebf.ee\/et\/wp-json\/wp\/v2\/users\/2"}],"replies":[{"embeddable":true,"href":"https:\/\/ebf.ee\/et\/wp-json\/wp\/v2\/comments?post=4920"}],"version-history":[{"count":25,"href":"https:\/\/ebf.ee\/et\/wp-json\/wp\/v2\/pages\/4920\/revisions"}],"predecessor-version":[{"id":5117,"href":"https:\/\/ebf.ee\/et\/wp-json\/wp\/v2\/pages\/4920\/revisions\/5117"}],"wp:featuredmedia":[{"embeddable":true,"href":"https:\/\/ebf.ee\/et\/wp-json\/wp\/v2\/media\/4917"}],"wp:attachment":[{"href":"https:\/\/ebf.ee\/et\/wp-json\/wp\/v2\/media?parent=4920"}],"curies":[{"name":"wp","href":"https:\/\/api.w.org\/{rel}","templated":true}]}}