{"id":4729,"date":"2020-03-16T22:12:35","date_gmt":"2020-03-16T20:12:35","guid":{"rendered":"http:\/\/ebf.ee\/?page_id=4729"},"modified":"2020-03-23T13:14:36","modified_gmt":"2020-03-23T11:14:36","slug":"telli","status":"publish","type":"page","link":"https:\/\/ebf.ee\/et\/telli\/","title":{"rendered":"Telli toit koju!"},"content":{"rendered":"<ol>\n<li>\n<h4>Helista\u00a0<strong>+372 5908 2626<\/strong><\/h4>\n<\/li>\n<li>\n<h4>Esita oma <strong>tellimus<\/strong> (<a href=\"https:\/\/www.facebook.com\/pg\/EstonianBurgerFactory\/menu\/\" target=\"_blank\">vt\u00a0men\u00fc\u00fc<\/a>)<\/h4>\n<\/li>\n<li>\n<h4>T\u00e4psusta <strong>aadress<\/strong> ja\u00a0tellija\u00a0<strong>nimi<\/strong> koos <strong>telefoni<\/strong> numbriga<\/h4>\n<\/li>\n<li>\n<h4>Tee \u00fclekanne kontole <strong>Grill Factory O\u00dc &#8211; EE731010220227214229<\/strong>, selgituseks tellija nimi<\/h4>\n<\/li>\n<li>\n<h4>Toit tuuakse Sulle kontaktivabalt 10km raadiuses meie restoranist<\/h4>\n<\/li>\n<\/ol>","protected":false},"excerpt":{"rendered":"<p>Helista\u00a0+372 5908 2626 Esita oma tellimus (vt\u00a0men\u00fc\u00fc) T\u00e4psusta aadress ja\u00a0tellija\u00a0nimi koos telefoni numbriga Tee \u00fclekanne kontole Grill Factory O\u00dc &#8211; EE731010220227214229, selgituseks tellija nimi Toit tuuakse Sulle kontaktivabalt 10km raadiuses meie restoranist<\/p>\n","protected":false},"author":3,"featured_media":4384,"parent":0,"menu_order":0,"comment_status":"closed","ping_status":"closed","template":"","meta":{"footnotes":""},"_links":{"self":[{"href":"https:\/\/ebf.ee\/et\/wp-json\/wp\/v2\/pages\/4729"}],"collection":[{"href":"https:\/\/ebf.ee\/et\/wp-json\/wp\/v2\/pages"}],"about":[{"href":"https:\/\/ebf.ee\/et\/wp-json\/wp\/v2\/types\/page"}],"author":[{"embeddable":true,"href":"https:\/\/ebf.ee\/et\/wp-json\/wp\/v2\/users\/3"}],"replies":[{"embeddable":true,"href":"https:\/\/ebf.ee\/et\/wp-json\/wp\/v2\/comments?post=4729"}],"version-history":[{"count":28,"href":"https:\/\/ebf.ee\/et\/wp-json\/wp\/v2\/pages\/4729\/revisions"}],"predecessor-version":[{"id":4760,"href":"https:\/\/ebf.ee\/et\/wp-json\/wp\/v2\/pages\/4729\/revisions\/4760"}],"wp:featuredmedia":[{"embeddable":true,"href":"https:\/\/ebf.ee\/et\/wp-json\/wp\/v2\/media\/4384"}],"wp:attachment":[{"href":"https:\/\/ebf.ee\/et\/wp-json\/wp\/v2\/media?parent=4729"}],"curies":[{"name":"wp","href":"https:\/\/api.w.org\/{rel}","templated":true}]}}