{"id":14,"date":"2015-07-26T11:03:35","date_gmt":"2015-07-26T11:03:35","guid":{"rendered":"http:\/\/ebf.anzusystems.com\/?page_id=14"},"modified":"2025-09-15T13:44:47","modified_gmt":"2025-09-15T11:44:47","slug":"home","status":"publish","type":"page","link":"https:\/\/ebf.ee\/et\/home\/","title":{"rendered":"Avaleht"},"content":{"rendered":"<div class=\"pixcode  pixcode--grid  grid  \">\n\n<div class=\"grid__item six-twelfths palm-one-whole \">\n\n<div class=\"pixcode  pixcode--separator  separator separator--flower separator_color--white\">&#10043;<\/div>\n\n<p style=\"text-align: center;\">\u00a0<strong>MEIE LUGU<\/strong><\/p>\n<p style=\"text-align: center;\">K\u00f5ik sai alguse 2012. aastal t\u00e4navatoidu pakkumisega Tallinnas, Kadriorus. Kuuldus Eesti parimast grillburgerist levis terves pealinnas ning aastal 2014 avasime P\u00e4rnu maanteel restorani Estonian Burger Factory. 2017 aastal tuli peakokal Martinil idee pakkuda uudseid miniburgereid koos \u00f5llevalikuga. Kuna meie k\u00f6\u00f6k P\u00e4rnu mnt-l j\u00e4i selleks liiga v\u00e4ikeseks, avasime vanalinnas teise restorani, Mini Burger Factory. 1,5 aasta j\u00e4rel vanalinnas sai paraku selgeks, et elu keeb seal vaid suvel \u2013 talvel t\u00f6\u00f6d polnud ja suvel pidime ruumipuuduse t\u00f5ttu k\u00fclastajaid ukselt tagasi saatma. Kuna oma p\u00f5hirestole otsisime nagunii uut asukohta, siis m\u00f5te \u00fchendada kaks kontseptsiooni tundus m\u00f5istlik. M\u00f5eldud-tehtud ja nii kolisimegi 2019 aasta suvel m\u00f5lemad restoranid Lootsi 10, Kochi Aitade sisehoovi. Restoranis on 75 istekohta, hubane, soe ja meeldiv atmosf\u00e4\u00e4r ning autoga k\u00fclastajatele on parkimine 2 tundi tasuta.<\/p>\n<p style=\"text-align: center;\"><strong>HINDAME KODUMAIST MAHETOORAINET<\/strong><\/p>\n<p style=\"text-align: center;\">Oleme esimene restoran Eestis, kes 2016. aastal teavitas\u00a0Veterinaar- ja Toiduametit mahetooraine kasutuselev\u00f5tust. 2017. aastal taotlesime toitlustusettev\u00f5tetele m\u00f5eldud \u00f6kom\u00e4rgise, mis t\u00f5endab, et 20-50% meil kasutatavast toorainest on mahe. Mahelihast on valmistatud nii burgeripihvid, steigid kui ka muud veise- ja lambaliha tooted. Kasutame vaid halal kanaliha ning vabapidamisel olevate kanade mune.\u00a0Meid tuntakse enim k\u00fcll burgerite ja erinevate t\u00e4navatoitude j\u00e4rgi, kuid ka salatite s\u00f5ber ning vegan leiab meie valikust nii m\u00f5ndagi. Toidule lisaks pakume kodumaiseid \u00f6ko karastusjooke, k\u00e4sit\u00f6\u00f6\u00f5lut, -siidrit, -kalja. Meie joogilistist ei puudu ka \u00f6koveinid ja <em>prosecco<\/em>. Talveperioodil on klientide lemmikuks kuumaks joogiks kodumaine mahetee. Me hindame puhast toorainet, toidu k\u00f5rget kvaliteeti, tervislikkust ning keskkonnahoidu. Eelistage toidu kaasatellimisele\u00a0alati restorani k\u00fclastamist \u2013 hoiame eesti restoranikultuuri!<\/p>\n<p style=\"text-align: center;\">Kallid kliendid, ootame teid k\u00fclla!<\/p>\n<p style=\"text-align: center;\"><div class=\"pixcode  pixcode--separator  separator separator--flower separator_color--white\">&#10043;<\/div>\n\n<p style=\"text-align: center;\">\n<\/div>\n\n<div class=\"grid__item six-twelfths palm-one-whole \">\n\n\n\t\t<style type='text\/css'>\n\t\t\t#gallery-0 {\n\t\t\t\tmargin: auto;\n\t\t\t}\n\t\t\t#gallery-0 .gallery-item {\n\t\t\t\tfloat: left;\n\t\t\t\ttext-align: center;\n\t\t\t\twidth: 50%;\n\t\t\t}\n\t\t\t\/* see gallery_shortcode() in wp-includes\/media.php *\/\n\t\t<\/style>\n\t\t<div id='gallery-0' class='gallery galleryid-14 gallery-columns-2 gallery-size-medium'><figure class='gallery-item'>\n\t\t\t<div class='gallery-icon landscape'>\n\t\t\t\t<img loading=\"lazy\" decoding=\"async\" width=\"300\" height=\"300\" src=\"https:\/\/ebf.ee\/wp-content\/uploads\/2015\/11\/img_0517-300x300.jpg\" class=\"attachment-medium size-medium\" alt=\"\" srcset=\"https:\/\/ebf.ee\/wp-content\/uploads\/2015\/11\/img_0517-300x300.jpg 300w, https:\/\/ebf.ee\/wp-content\/uploads\/2015\/11\/img_0517-150x150.jpg 150w, https:\/\/ebf.ee\/wp-content\/uploads\/2015\/11\/img_0517-1024x1024.jpg 1024w, https:\/\/ebf.ee\/wp-content\/uploads\/2015\/11\/img_0517-2048x2048.jpg 2048w, https:\/\/ebf.ee\/wp-content\/uploads\/2015\/11\/img_0517-1200x1200.jpg 1200w, https:\/\/ebf.ee\/wp-content\/uploads\/2015\/11\/img_0517-900x900.jpg 900w, https:\/\/ebf.ee\/wp-content\/uploads\/2015\/11\/img_0517-400x400.jpg 400w\" sizes=\"(max-width: 300px) 100vw, 300px\" \/>\n\t\t\t<\/div><\/figure><figure class='gallery-item'>\n\t\t\t<div class='gallery-icon landscape'>\n\t\t\t\t<img loading=\"lazy\" decoding=\"async\" width=\"300\" height=\"300\" src=\"https:\/\/ebf.ee\/wp-content\/uploads\/2019\/11\/burks-300x300.jpg\" class=\"attachment-medium size-medium\" alt=\"\" srcset=\"https:\/\/ebf.ee\/wp-content\/uploads\/2019\/11\/burks-300x300.jpg 300w, https:\/\/ebf.ee\/wp-content\/uploads\/2019\/11\/burks-150x150.jpg 150w, https:\/\/ebf.ee\/wp-content\/uploads\/2019\/11\/burks-1024x1024.jpg 1024w, https:\/\/ebf.ee\/wp-content\/uploads\/2019\/11\/burks-900x900.jpg 900w, https:\/\/ebf.ee\/wp-content\/uploads\/2019\/11\/burks-400x400.jpg 400w, https:\/\/ebf.ee\/wp-content\/uploads\/2019\/11\/burks.jpg 1080w\" sizes=\"(max-width: 300px) 100vw, 300px\" \/>\n\t\t\t<\/div><\/figure><figure class='gallery-item'>\n\t\t\t<div class='gallery-icon landscape'>\n\t\t\t\t<img loading=\"lazy\" decoding=\"async\" width=\"300\" height=\"300\" src=\"https:\/\/ebf.ee\/wp-content\/uploads\/2019\/11\/51121251_2349240291752814_6149913724967714816_o-300x300.jpg\" class=\"attachment-medium size-medium\" alt=\"\" srcset=\"https:\/\/ebf.ee\/wp-content\/uploads\/2019\/11\/51121251_2349240291752814_6149913724967714816_o-300x300.jpg 300w, https:\/\/ebf.ee\/wp-content\/uploads\/2019\/11\/51121251_2349240291752814_6149913724967714816_o-150x150.jpg 150w, https:\/\/ebf.ee\/wp-content\/uploads\/2019\/11\/51121251_2349240291752814_6149913724967714816_o-1024x1024.jpg 1024w, https:\/\/ebf.ee\/wp-content\/uploads\/2019\/11\/51121251_2349240291752814_6149913724967714816_o-900x900.jpg 900w, https:\/\/ebf.ee\/wp-content\/uploads\/2019\/11\/51121251_2349240291752814_6149913724967714816_o-400x400.jpg 400w, https:\/\/ebf.ee\/wp-content\/uploads\/2019\/11\/51121251_2349240291752814_6149913724967714816_o.jpg 1080w\" sizes=\"(max-width: 300px) 100vw, 300px\" \/>\n\t\t\t<\/div><\/figure><figure class='gallery-item'>\n\t\t\t<div class='gallery-icon landscape'>\n\t\t\t\t<img loading=\"lazy\" decoding=\"async\" width=\"300\" height=\"300\" src=\"https:\/\/ebf.ee\/wp-content\/uploads\/2016\/03\/img_3174-300x300.jpg\" class=\"attachment-medium size-medium\" alt=\"\" srcset=\"https:\/\/ebf.ee\/wp-content\/uploads\/2016\/03\/img_3174-300x300.jpg 300w, https:\/\/ebf.ee\/wp-content\/uploads\/2016\/03\/img_3174-150x150.jpg 150w, https:\/\/ebf.ee\/wp-content\/uploads\/2016\/03\/img_3174-1024x1024.jpg 1024w, https:\/\/ebf.ee\/wp-content\/uploads\/2016\/03\/img_3174-2048x2048.jpg 2048w, https:\/\/ebf.ee\/wp-content\/uploads\/2016\/03\/img_3174-1200x1200.jpg 1200w, https:\/\/ebf.ee\/wp-content\/uploads\/2016\/03\/img_3174-900x900.jpg 900w, https:\/\/ebf.ee\/wp-content\/uploads\/2016\/03\/img_3174-400x400.jpg 400w\" sizes=\"(max-width: 300px) 100vw, 300px\" \/>\n\t\t\t<\/div><\/figure><figure class='gallery-item'>\n\t\t\t<div class='gallery-icon landscape'>\n\t\t\t\t<img loading=\"lazy\" decoding=\"async\" width=\"300\" height=\"300\" src=\"https:\/\/ebf.ee\/wp-content\/uploads\/2016\/03\/img_2959-300x300.jpg\" class=\"attachment-medium size-medium\" alt=\"\" srcset=\"https:\/\/ebf.ee\/wp-content\/uploads\/2016\/03\/img_2959-300x300.jpg 300w, https:\/\/ebf.ee\/wp-content\/uploads\/2016\/03\/img_2959-150x150.jpg 150w, https:\/\/ebf.ee\/wp-content\/uploads\/2016\/03\/img_2959-1024x1024.jpg 1024w, https:\/\/ebf.ee\/wp-content\/uploads\/2016\/03\/img_2959-2048x2048.jpg 2048w, https:\/\/ebf.ee\/wp-content\/uploads\/2016\/03\/img_2959-1200x1200.jpg 1200w, https:\/\/ebf.ee\/wp-content\/uploads\/2016\/03\/img_2959-900x900.jpg 900w, https:\/\/ebf.ee\/wp-content\/uploads\/2016\/03\/img_2959-400x400.jpg 400w\" sizes=\"(max-width: 300px) 100vw, 300px\" \/>\n\t\t\t<\/div><\/figure><figure class='gallery-item'>\n\t\t\t<div class='gallery-icon landscape'>\n\t\t\t\t<img loading=\"lazy\" decoding=\"async\" width=\"300\" height=\"300\" src=\"https:\/\/ebf.ee\/wp-content\/uploads\/2016\/03\/img_2903-300x300.jpg\" class=\"attachment-medium size-medium\" alt=\"\" srcset=\"https:\/\/ebf.ee\/wp-content\/uploads\/2016\/03\/img_2903-300x300.jpg 300w, https:\/\/ebf.ee\/wp-content\/uploads\/2016\/03\/img_2903-150x150.jpg 150w, https:\/\/ebf.ee\/wp-content\/uploads\/2016\/03\/img_2903-1024x1024.jpg 1024w, https:\/\/ebf.ee\/wp-content\/uploads\/2016\/03\/img_2903-2048x2048.jpg 2048w, https:\/\/ebf.ee\/wp-content\/uploads\/2016\/03\/img_2903-1200x1200.jpg 1200w, https:\/\/ebf.ee\/wp-content\/uploads\/2016\/03\/img_2903-900x900.jpg 900w, https:\/\/ebf.ee\/wp-content\/uploads\/2016\/03\/img_2903-400x400.jpg 400w\" sizes=\"(max-width: 300px) 100vw, 300px\" \/>\n\t\t\t<\/div><\/figure>\n\t\t<\/div>\n\n\n<\/div>\n\n\n<\/div>","protected":false},"excerpt":{"rendered":"","protected":false},"author":1,"featured_media":3849,"parent":0,"menu_order":0,"comment_status":"closed","ping_status":"closed","template":"","meta":{"footnotes":""},"_links":{"self":[{"href":"https:\/\/ebf.ee\/et\/wp-json\/wp\/v2\/pages\/14"}],"collection":[{"href":"https:\/\/ebf.ee\/et\/wp-json\/wp\/v2\/pages"}],"about":[{"href":"https:\/\/ebf.ee\/et\/wp-json\/wp\/v2\/types\/page"}],"author":[{"embeddable":true,"href":"https:\/\/ebf.ee\/et\/wp-json\/wp\/v2\/users\/1"}],"replies":[{"embeddable":true,"href":"https:\/\/ebf.ee\/et\/wp-json\/wp\/v2\/comments?post=14"}],"version-history":[{"count":156,"href":"https:\/\/ebf.ee\/et\/wp-json\/wp\/v2\/pages\/14\/revisions"}],"predecessor-version":[{"id":9553,"href":"https:\/\/ebf.ee\/et\/wp-json\/wp\/v2\/pages\/14\/revisions\/9553"}],"wp:featuredmedia":[{"embeddable":true,"href":"https:\/\/ebf.ee\/et\/wp-json\/wp\/v2\/media\/3849"}],"wp:attachment":[{"href":"https:\/\/ebf.ee\/et\/wp-json\/wp\/v2\/media?parent=14"}],"curies":[{"name":"wp","href":"https:\/\/api.w.org\/{rel}","templated":true}]}}